{"id":2169,"date":"2023-12-20T15:31:24","date_gmt":"2023-12-20T18:31:24","guid":{"rendered":"http:\/\/ec2-107-23-222-114.compute-1.amazonaws.com\/el-hotel\/gastronomia\/cordero-al-palo\/"},"modified":"2024-02-26T16:43:48","modified_gmt":"2024-02-26T19:43:48","slug":"agneau-sur-baton","status":"publish","type":"page","link":"https:\/\/estanciacerroguido.com\/fr\/hotel\/gastronomie\/agneau-sur-baton\/","title":{"rendered":"Cordero al palo"},"content":{"rendered":"<h1>Agneau r\u00f4ti sur un b\u00e2ton<\/h1>\n<p><span style=\"font-weight: 400;\">La Barbecue d\u2019Agneau sur un b\u00e2ton, est consid\u00e9r\u00e9 comme un mets national. Lorsque vous visitez le sud du Chili, il est presque obligatoire de s&rsquo;organiser avec vos compagnons de voyage ou vos h\u00f4tes pour allumer le feu et r\u00f4tir l&rsquo;agneau.<\/span><\/p>\n<p><span style=\"font-weight: 400;\">Il s&rsquo;agit d&rsquo;une pr\u00e9paration lente, dans laquelle la viande est cuite pendant plusieurs heures sur un feu de bois, tout en \u00e9tant arros\u00e9e de son propre jus et de sa graisse.<\/span><\/p>\n<p><span style=\"font-weight: 400;\">Le r\u00e9sultat : une viande juteuse, succulente et tr\u00e8s tendre, entour\u00e9e d&rsquo;une peau croustillante. La pr\u00e9paration est g\u00e9n\u00e9ralement accompagn\u00e9e d&rsquo;une sorte de saumure infus\u00e9e \u00e0 l&rsquo;ail.\u00a0<\/span><\/p>\n<p><span style=\"font-weight: 400;\">L&rsquo;asado de cordero est g\u00e9n\u00e9ralement servi avec du pebre, un condiment chilien populaire, et peut \u00eatre accompagn\u00e9 de salades fra\u00eeches, de pommes de terre, de pain et de vin rouge.<\/span><\/p>\n<p><span style=\"font-weight: 400;\">On trouve ce plat dans de nombreux restaurants de la r\u00e9gion, mais dans la vie de tous les jours, le r\u00f4ti d&rsquo;agneau est g\u00e9n\u00e9ralement pr\u00e9par\u00e9 lors d&rsquo;occasions sp\u00e9ciales et de festivit\u00e9s.<\/span><\/p>\n<p><span style=\"font-weight: 400;\">Ce n&rsquo;est pas un plat que seuls les Chiliens reconnaissent comme l&rsquo;un des meilleurs de notre gastronomie. Au d\u00e9but du mois d&rsquo;ao\u00fbt de cette ann\u00e9e, le portail gastronomique de premier plan Taste Atlas l&rsquo;a publi\u00e9 dans sa mise \u00e0 jour des 50 meilleurs plats d&rsquo;agneau du monde.<\/span><\/p>\n<p><span style=\"font-weight: 400;\">\u00c0 cette occasion, l&rsquo;Asado de Cordero al palo, pr\u00e9par\u00e9 au Chili, en Argentine et en Patagonie, s&rsquo;est class\u00e9 \u00e0 la 49e place.<\/span><\/p>\n<p><img loading=\"lazy\" decoding=\"async\" class=\"alignnone wp-image-996 size-full\" src=\"https:\/\/estanciacerroguido.com\/wp-content\/uploads\/2023\/12\/7R44364-1.png\" alt=\"\" width=\"754\" height=\"195\" srcset=\"https:\/\/estanciacerroguido.com\/wp-content\/uploads\/2023\/12\/7R44364-1.png 754w, https:\/\/estanciacerroguido.com\/wp-content\/uploads\/2023\/12\/7R44364-1-300x78.png 300w\" sizes=\"auto, (max-width: 754px) 100vw, 754px\" \/><\/p>\n<h1>Agneau de Magellan<\/h1>\n<p>L&rsquo;agneau de Magellan est une vari\u00e9t\u00e9 de l&rsquo;esp\u00e8ce reconnue comme l&rsquo;un des mets les plus importants de la gastronomie de l&rsquo;extr\u00eame sud du Chili et de l&rsquo;Argentine.<\/p>\n<p>Il s&rsquo;agit d&rsquo;une vari\u00e9t\u00e9 d&rsquo;agneau chilien qui, comme son nom l&rsquo;indique, est \u00e9lev\u00e9e dans la r\u00e9gion des Magallanes, \u00e0 l&rsquo;extr\u00eame sud du Chili. Bien qu&rsquo;il s&rsquo;agisse du m\u00eame animal, il existe des diff\u00e9rences notables entre l&rsquo;agneau des Magallanes et l&rsquo;agneau commun, qui est \u00e9lev\u00e9 dans d&rsquo;autres r\u00e9gions du Chili et du monde.<\/p>\n<p>L&rsquo;une des diff\u00e9rences les plus importantes est la race d&rsquo;agneau. Selon Claudio Fourcade, chef de l&rsquo;Estancia Cerro Guido, ils travaillent avec la vari\u00e9t\u00e9 Coriedale, qui est \u00ab\u00a0polyvalente, bonne pour la laine et la viande\u00a0\u00bb.<br \/>\nCependant, il existe d&rsquo;autres contrastes qui r\u00e9sident principalement dans la m\u00e9thode de vieillissement, mais qui peuvent \u00e9galement \u00eatre remarqu\u00e9s dans le go\u00fbt et la texture.<\/p>\n<p>Les principales sont les suivantes :<\/p>\n<p>Alimentation et p\u00e2turage : l&rsquo;agneau de Magellan est \u00e9lev\u00e9 dans une r\u00e9gion de prairies riches en v\u00e9g\u00e9tation autochtone, o\u00f9 les animaux se nourrissent d&rsquo;herbes naturelles et de plantes sauvages. Cela conf\u00e8re \u00e0 la viande une saveur particuli\u00e8re, car le r\u00e9gime alimentaire des animaux influence leur profil gustatif.<\/p>\n<p>Climat et conditions d&rsquo;\u00e9levage : La r\u00e9gion de Magallanes b\u00e9n\u00e9ficie d&rsquo;un climat particuli\u00e8rement froid et venteux, ce qui influe sur le mode d&rsquo;\u00e9levage de l&rsquo;agneau. Les basses temp\u00e9ratures et les conditions climatiques extr\u00eames peuvent conduire \u00e0 une viande plus maigre avec un taux de graisse intramusculaire plus \u00e9lev\u00e9, ce qui am\u00e9liore la tendret\u00e9 et la saveur.<\/p>\n<p>Saveur et texture : la viande d&rsquo;agneau de Magellan se caract\u00e9rise par une saveur plus intense et plus complexe que celle de l&rsquo;agneau ordinaire. La combinaison du r\u00e9gime alimentaire, des conditions d&rsquo;\u00e9levage et de la maturation contribue \u00e0 la saveur unique et \u00e0 la texture tendre de la viande.<\/p>\n<p>Applications culinaires : l&rsquo;agneau de Magellan est consid\u00e9r\u00e9 comme un produit gastronomique et est utilis\u00e9 dans les plats de haute cuisine au Chili et ailleurs. Sa saveur particuli\u00e8re en fait un produit id\u00e9al pour les pr\u00e9parations simples qui mettent en valeur sa qualit\u00e9, comme les grillades ou les cuissons lentes.<\/p>\n<p>L&rsquo;agneau de Magellan est un mets de renomm\u00e9e mondiale que vous pouvez d\u00e9guster \u00e0 l&rsquo;Estancia Cerro Guido. Non seulement vous d\u00e9gusterez le plat, mais vous d\u00e9couvrirez \u00e9galement le processus d&rsquo;\u00e9levage et tout le parcours de l&rsquo;animal.<\/p>\n","protected":false},"excerpt":{"rendered":"<p>Agneau r\u00f4ti sur un b\u00e2ton La Barbecue d\u2019Agneau sur un b\u00e2ton, est consid\u00e9r\u00e9 comme un mets national. Lorsque vous visitez le sud du Chili, il est presque obligatoire de s&rsquo;organiser avec vos compagnons de voyage ou vos h\u00f4tes pour allumer le feu et r\u00f4tir l&rsquo;agneau. Il s&rsquo;agit d&rsquo;une pr\u00e9paration lente, dans laquelle la viande est [&hellip;]<\/p>\n","protected":false},"author":1,"featured_media":2170,"parent":2167,"menu_order":0,"comment_status":"closed","ping_status":"closed","template":"page-template-single.php","meta":{"_acf_changed":false,"content-type":"","inline_featured_image":false,"footnotes":""},"class_list":["post-2169","page","type-page","status-publish","has-post-thumbnail","hentry"],"acf":[],"yoast_head":"<!-- This site is optimized with the Yoast SEO plugin v27.2 - https:\/\/yoast.com\/product\/yoast-seo-wordpress\/ -->\n<title>Cordero al palo - Estancia Cerro Guido<\/title>\n<meta name=\"robots\" content=\"index, follow, max-snippet:-1, max-image-preview:large, max-video-preview:-1\" \/>\n<link rel=\"canonical\" href=\"https:\/\/estanciacerroguido.com\/fr\/hotel\/gastronomie\/agneau-sur-baton\/\" \/>\n<meta property=\"og:locale\" content=\"fr_FR\" \/>\n<meta property=\"og:type\" content=\"article\" \/>\n<meta property=\"og:title\" content=\"Cordero al palo - Estancia Cerro Guido\" \/>\n<meta property=\"og:description\" content=\"Agneau r\u00f4ti sur un b\u00e2ton La Barbecue d\u2019Agneau sur un b\u00e2ton, est consid\u00e9r\u00e9 comme un mets national. Lorsque vous visitez le sud du Chili, il est presque obligatoire de s&rsquo;organiser avec vos compagnons de voyage ou vos h\u00f4tes pour allumer le feu et r\u00f4tir l&rsquo;agneau. Il s&rsquo;agit d&rsquo;une pr\u00e9paration lente, dans laquelle la viande est [&hellip;]\" \/>\n<meta property=\"og:url\" content=\"https:\/\/estanciacerroguido.com\/fr\/hotel\/gastronomie\/agneau-sur-baton\/\" \/>\n<meta property=\"og:site_name\" content=\"Estancia Cerro Guido\" \/>\n<meta property=\"article:modified_time\" content=\"2024-02-26T19:43:48+00:00\" \/>\n<meta property=\"og:image\" content=\"https:\/\/estanciacerroguido.com\/wp-content\/uploads\/2023\/12\/Cerro-Guido-83-1.png\" \/>\n\t<meta property=\"og:image:width\" content=\"754\" \/>\n\t<meta property=\"og:image:height\" content=\"195\" \/>\n\t<meta property=\"og:image:type\" content=\"image\/png\" \/>\n<meta name=\"twitter:card\" content=\"summary_large_image\" \/>\n<meta name=\"twitter:label1\" content=\"Dur\u00e9e de lecture estim\u00e9e\" \/>\n\t<meta name=\"twitter:data1\" content=\"4 minutes\" \/>\n<script type=\"application\/ld+json\" class=\"yoast-schema-graph\">{\"@context\":\"https:\/\/schema.org\",\"@graph\":[{\"@type\":\"WebPage\",\"@id\":\"https:\/\/estanciacerroguido.com\/fr\/hotel\/gastronomie\/agneau-sur-baton\/\",\"url\":\"https:\/\/estanciacerroguido.com\/fr\/hotel\/gastronomie\/agneau-sur-baton\/\",\"name\":\"Cordero al palo - Estancia Cerro Guido\",\"isPartOf\":{\"@id\":\"https:\/\/estanciacerroguido.com\/#website\"},\"primaryImageOfPage\":{\"@id\":\"https:\/\/estanciacerroguido.com\/fr\/hotel\/gastronomie\/agneau-sur-baton\/#primaryimage\"},\"image\":{\"@id\":\"https:\/\/estanciacerroguido.com\/fr\/hotel\/gastronomie\/agneau-sur-baton\/#primaryimage\"},\"thumbnailUrl\":\"https:\/\/estanciacerroguido.com\/wp-content\/uploads\/2023\/12\/Cerro-Guido-83-1.png\",\"datePublished\":\"2023-12-20T18:31:24+00:00\",\"dateModified\":\"2024-02-26T19:43:48+00:00\",\"breadcrumb\":{\"@id\":\"https:\/\/estanciacerroguido.com\/fr\/hotel\/gastronomie\/agneau-sur-baton\/#breadcrumb\"},\"inLanguage\":\"fr-FR\",\"potentialAction\":[{\"@type\":\"ReadAction\",\"target\":[\"https:\/\/estanciacerroguido.com\/fr\/hotel\/gastronomie\/agneau-sur-baton\/\"]}]},{\"@type\":\"ImageObject\",\"inLanguage\":\"fr-FR\",\"@id\":\"https:\/\/estanciacerroguido.com\/fr\/hotel\/gastronomie\/agneau-sur-baton\/#primaryimage\",\"url\":\"https:\/\/estanciacerroguido.com\/wp-content\/uploads\/2023\/12\/Cerro-Guido-83-1.png\",\"contentUrl\":\"https:\/\/estanciacerroguido.com\/wp-content\/uploads\/2023\/12\/Cerro-Guido-83-1.png\",\"width\":754,\"height\":195},{\"@type\":\"BreadcrumbList\",\"@id\":\"https:\/\/estanciacerroguido.com\/fr\/hotel\/gastronomie\/agneau-sur-baton\/#breadcrumb\",\"itemListElement\":[{\"@type\":\"ListItem\",\"position\":1,\"name\":\"Portada\",\"item\":\"https:\/\/estanciacerroguido.com\/fr\/\"},{\"@type\":\"ListItem\",\"position\":2,\"name\":\"H\u00f4tel\",\"item\":\"https:\/\/estanciacerroguido.com\/fr\/hotel\/\"},{\"@type\":\"ListItem\",\"position\":3,\"name\":\"Gastronomie\",\"item\":\"https:\/\/estanciacerroguido.com\/fr\/hotel\/gastronomie\/\"},{\"@type\":\"ListItem\",\"position\":4,\"name\":\"Cordero al palo\"}]},{\"@type\":\"WebSite\",\"@id\":\"https:\/\/estanciacerroguido.com\/#website\",\"url\":\"https:\/\/estanciacerroguido.com\/\",\"name\":\"Estancia Cerro Guido\",\"description\":\"\",\"potentialAction\":[{\"@type\":\"SearchAction\",\"target\":{\"@type\":\"EntryPoint\",\"urlTemplate\":\"https:\/\/estanciacerroguido.com\/?s={search_term_string}\"},\"query-input\":{\"@type\":\"PropertyValueSpecification\",\"valueRequired\":true,\"valueName\":\"search_term_string\"}}],\"inLanguage\":\"fr-FR\"}]}<\/script>\n<!-- \/ Yoast SEO plugin. -->","yoast_head_json":{"title":"Cordero al palo - Estancia Cerro Guido","robots":{"index":"index","follow":"follow","max-snippet":"max-snippet:-1","max-image-preview":"max-image-preview:large","max-video-preview":"max-video-preview:-1"},"canonical":"https:\/\/estanciacerroguido.com\/fr\/hotel\/gastronomie\/agneau-sur-baton\/","og_locale":"fr_FR","og_type":"article","og_title":"Cordero al palo - Estancia Cerro Guido","og_description":"Agneau r\u00f4ti sur un b\u00e2ton La Barbecue d\u2019Agneau sur un b\u00e2ton, est consid\u00e9r\u00e9 comme un mets national. Lorsque vous visitez le sud du Chili, il est presque obligatoire de s&rsquo;organiser avec vos compagnons de voyage ou vos h\u00f4tes pour allumer le feu et r\u00f4tir l&rsquo;agneau. Il s&rsquo;agit d&rsquo;une pr\u00e9paration lente, dans laquelle la viande est [&hellip;]","og_url":"https:\/\/estanciacerroguido.com\/fr\/hotel\/gastronomie\/agneau-sur-baton\/","og_site_name":"Estancia Cerro Guido","article_modified_time":"2024-02-26T19:43:48+00:00","og_image":[{"width":754,"height":195,"url":"https:\/\/estanciacerroguido.com\/wp-content\/uploads\/2023\/12\/Cerro-Guido-83-1.png","type":"image\/png"}],"twitter_card":"summary_large_image","twitter_misc":{"Dur\u00e9e de lecture estim\u00e9e":"4 minutes"},"schema":{"@context":"https:\/\/schema.org","@graph":[{"@type":"WebPage","@id":"https:\/\/estanciacerroguido.com\/fr\/hotel\/gastronomie\/agneau-sur-baton\/","url":"https:\/\/estanciacerroguido.com\/fr\/hotel\/gastronomie\/agneau-sur-baton\/","name":"Cordero al palo - Estancia Cerro Guido","isPartOf":{"@id":"https:\/\/estanciacerroguido.com\/#website"},"primaryImageOfPage":{"@id":"https:\/\/estanciacerroguido.com\/fr\/hotel\/gastronomie\/agneau-sur-baton\/#primaryimage"},"image":{"@id":"https:\/\/estanciacerroguido.com\/fr\/hotel\/gastronomie\/agneau-sur-baton\/#primaryimage"},"thumbnailUrl":"https:\/\/estanciacerroguido.com\/wp-content\/uploads\/2023\/12\/Cerro-Guido-83-1.png","datePublished":"2023-12-20T18:31:24+00:00","dateModified":"2024-02-26T19:43:48+00:00","breadcrumb":{"@id":"https:\/\/estanciacerroguido.com\/fr\/hotel\/gastronomie\/agneau-sur-baton\/#breadcrumb"},"inLanguage":"fr-FR","potentialAction":[{"@type":"ReadAction","target":["https:\/\/estanciacerroguido.com\/fr\/hotel\/gastronomie\/agneau-sur-baton\/"]}]},{"@type":"ImageObject","inLanguage":"fr-FR","@id":"https:\/\/estanciacerroguido.com\/fr\/hotel\/gastronomie\/agneau-sur-baton\/#primaryimage","url":"https:\/\/estanciacerroguido.com\/wp-content\/uploads\/2023\/12\/Cerro-Guido-83-1.png","contentUrl":"https:\/\/estanciacerroguido.com\/wp-content\/uploads\/2023\/12\/Cerro-Guido-83-1.png","width":754,"height":195},{"@type":"BreadcrumbList","@id":"https:\/\/estanciacerroguido.com\/fr\/hotel\/gastronomie\/agneau-sur-baton\/#breadcrumb","itemListElement":[{"@type":"ListItem","position":1,"name":"Portada","item":"https:\/\/estanciacerroguido.com\/fr\/"},{"@type":"ListItem","position":2,"name":"H\u00f4tel","item":"https:\/\/estanciacerroguido.com\/fr\/hotel\/"},{"@type":"ListItem","position":3,"name":"Gastronomie","item":"https:\/\/estanciacerroguido.com\/fr\/hotel\/gastronomie\/"},{"@type":"ListItem","position":4,"name":"Cordero al palo"}]},{"@type":"WebSite","@id":"https:\/\/estanciacerroguido.com\/#website","url":"https:\/\/estanciacerroguido.com\/","name":"Estancia Cerro Guido","description":"","potentialAction":[{"@type":"SearchAction","target":{"@type":"EntryPoint","urlTemplate":"https:\/\/estanciacerroguido.com\/?s={search_term_string}"},"query-input":{"@type":"PropertyValueSpecification","valueRequired":true,"valueName":"search_term_string"}}],"inLanguage":"fr-FR"}]}},"_links":{"self":[{"href":"https:\/\/estanciacerroguido.com\/fr\/wp-json\/wp\/v2\/pages\/2169","targetHints":{"allow":["GET"]}}],"collection":[{"href":"https:\/\/estanciacerroguido.com\/fr\/wp-json\/wp\/v2\/pages"}],"about":[{"href":"https:\/\/estanciacerroguido.com\/fr\/wp-json\/wp\/v2\/types\/page"}],"author":[{"embeddable":true,"href":"https:\/\/estanciacerroguido.com\/fr\/wp-json\/wp\/v2\/users\/1"}],"replies":[{"embeddable":true,"href":"https:\/\/estanciacerroguido.com\/fr\/wp-json\/wp\/v2\/comments?post=2169"}],"version-history":[{"count":3,"href":"https:\/\/estanciacerroguido.com\/fr\/wp-json\/wp\/v2\/pages\/2169\/revisions"}],"predecessor-version":[{"id":3642,"href":"https:\/\/estanciacerroguido.com\/fr\/wp-json\/wp\/v2\/pages\/2169\/revisions\/3642"}],"up":[{"embeddable":true,"href":"https:\/\/estanciacerroguido.com\/fr\/wp-json\/wp\/v2\/pages\/2167"}],"wp:featuredmedia":[{"embeddable":true,"href":"https:\/\/estanciacerroguido.com\/fr\/wp-json\/wp\/v2\/media\/2170"}],"wp:attachment":[{"href":"https:\/\/estanciacerroguido.com\/fr\/wp-json\/wp\/v2\/media?parent=2169"}],"curies":[{"name":"wp","href":"https:\/\/api.w.org\/{rel}","templated":true}]}}